{"id":17776,"date":"2024-12-24T06:12:05","date_gmt":"2024-12-24T11:12:05","guid":{"rendered":"http:\/\/www.sfcultural.org\/en\/?page_id=17776"},"modified":"2025-03-12T20:13:03","modified_gmt":"2025-03-13T01:13:03","slug":"portfolio-alberto-sanchez","status":"publish","type":"page","link":"http:\/\/www.sfcultural.org\/en\/portfolio-alberto-sanchez\/","title":{"rendered":"Portfolio Alberto S\u00e1nchez"},"content":{"rendered":"\t\t<div data-elementor-type=\"wp-page\" data-elementor-id=\"17776\" class=\"elementor elementor-17776\">\n\t\t\t\t\t\t<section class=\"elementor-section elementor-top-section elementor-element elementor-element-85801b5 elementor-section-height-min-height elementor-section-items-stretch elementor-reverse-tablet elementor-reverse-mobile elementor-section-stretched elementor-section-boxed elementor-section-height-default\" data-id=\"85801b5\" data-element_type=\"section\" data-settings=\"{&quot;stretch_section&quot;:&quot;section-stretched&quot;,&quot;background_background&quot;:&quot;classic&quot;}\">\n\t\t\t\t\t\t\t<div class=\"elementor-background-overlay\"><\/div>\n\t\t\t\t\t\t\t<div class=\"elementor-container elementor-column-gap-default\">\n\t\t\t\t\t<div class=\"elementor-column elementor-col-100 elementor-top-column elementor-element elementor-element-35408e7\" data-id=\"35408e7\" data-element_type=\"column\" data-settings=\"{&quot;background_background&quot;:&quot;classic&quot;}\">\n\t\t\t<div class=\"elementor-widget-wrap elementor-element-populated\">\n\t\t\t\t\t\t<section class=\"elementor-section elementor-inner-section elementor-element elementor-element-4268ae6 elementor-section-content-middle elementor-section-boxed elementor-section-height-default elementor-section-height-default\" data-id=\"4268ae6\" data-element_type=\"section\">\n\t\t\t\t\t\t<div class=\"elementor-container elementor-column-gap-default\">\n\t\t\t\t\t<div class=\"elementor-column elementor-col-50 elementor-inner-column elementor-element elementor-element-d775e8c\" data-id=\"d775e8c\" data-element_type=\"column\">\n\t\t\t<div class=\"elementor-widget-wrap elementor-element-populated\">\n\t\t\t\t\t\t<div class=\"elementor-element elementor-element-34eeb3a elementor-widget elementor-widget-heading\" data-id=\"34eeb3a\" data-element_type=\"widget\" data-widget_type=\"heading.default\">\n\t\t\t\t\t<h1 class=\"elementor-heading-title elementor-size-default\">Alberto S\u00e1nchez<\/h1>\t\t\t\t<\/div>\n\t\t\t\t<div class=\"elementor-element elementor-element-db73379 elementor-widget elementor-widget-spacer\" data-id=\"db73379\" data-element_type=\"widget\" data-widget_type=\"spacer.default\">\n\t\t\t\t\t\t\t<div class=\"elementor-spacer\">\n\t\t\t<div class=\"elementor-spacer-inner\"><\/div>\n\t\t<\/div>\n\t\t\t\t\t\t<\/div>\n\t\t\t\t<div class=\"elementor-element elementor-element-3035e33 elementor-widget elementor-widget-image\" data-id=\"3035e33\" data-element_type=\"widget\" data-widget_type=\"image.default\">\n\t\t\t\t\t\t\t\t\t\t\t\t\t\t\t<img loading=\"lazy\" decoding=\"async\" width=\"827\" height=\"900\" src=\"http:\/\/www.sfcultural.org\/en\/wp-content\/uploads\/2025\/01\/Alberto-Sanchez.webp\" class=\"attachment-full size-full wp-image-17838\" alt=\"\" srcset=\"http:\/\/www.sfcultural.org\/en\/wp-content\/uploads\/2025\/01\/Alberto-Sanchez.webp 827w, http:\/\/www.sfcultural.org\/en\/wp-content\/uploads\/2025\/01\/Alberto-Sanchez-276x300.webp 276w, http:\/\/www.sfcultural.org\/en\/wp-content\/uploads\/2025\/01\/Alberto-Sanchez-768x836.webp 768w\" sizes=\"auto, (max-width: 827px) 100vw, 827px\" \/>\t\t\t\t\t\t\t\t\t\t\t\t\t\t\t<\/div>\n\t\t\t\t<div class=\"elementor-element elementor-element-19fd796 elementor-widget elementor-widget-spacer\" data-id=\"19fd796\" data-element_type=\"widget\" data-widget_type=\"spacer.default\">\n\t\t\t\t\t\t\t<div class=\"elementor-spacer\">\n\t\t\t<div class=\"elementor-spacer-inner\"><\/div>\n\t\t<\/div>\n\t\t\t\t\t\t<\/div>\n\t\t\t\t\t<\/div>\n\t\t<\/div>\n\t\t\t\t<div class=\"elementor-column elementor-col-50 elementor-inner-column elementor-element elementor-element-e338320\" data-id=\"e338320\" data-element_type=\"column\">\n\t\t\t<div class=\"elementor-widget-wrap elementor-element-populated\">\n\t\t\t\t\t\t<div class=\"elementor-element elementor-element-40e9ddd elementor-widget elementor-widget-text-editor\" data-id=\"40e9ddd\" data-element_type=\"widget\" data-widget_type=\"text-editor.default\">\n\t\t\t\t\t\t\t\t\t<p>Musician, cultural manager, and community leader with over 30 years of experience in promoting the arts, music, and social inclusion. Founder and General Director of San Francisco Cultural, he has designed and executed projects that integrate vulnerable communities, people with disabilities, students, and families, creating networks of cooperation between government entities, educational institutions, and international organizations.<\/p><p>In 2024, he was awarded the Cultural Management Prize by IDECUT in the department of Cundinamarca (Colombia), achieving the highest score among 400 participants, highlighting his commitment and excellence in directing high-impact cultural projects. His work as director of Encanto Conjunto de Campanas, an innovative initiative that uses handbells to develop musical skills, has brought the cultural richness of Colombia to national and international stages.<\/p><p>Under his leadership, San Francisco Cultural has been a reference in cultural exchanges, bringing Colombian music to countries such as Mexico, Hungary, Germany, Cuba, and the Czech Republic, among others. His work with people with disabilities has been particularly noteworthy, using music as a tool for cognitive, emotional, and social development.<\/p>\t\t\t\t\t\t\t\t<\/div>\n\t\t\t\t\t<\/div>\n\t\t<\/div>\n\t\t\t\t\t<\/div>\n\t\t<\/section>\n\t\t\t\t<div class=\"elementor-element elementor-element-ec62075 elementor-widget elementor-widget-heading\" data-id=\"ec62075\" data-element_type=\"widget\" data-widget_type=\"heading.default\">\n\t\t\t\t\t<h1 class=\"elementor-heading-title elementor-size-default\">Awards and Recognitions<\/h1>\t\t\t\t<\/div>\n\t\t\t\t<div class=\"elementor-element elementor-element-7fb919b elementor-widget elementor-widget-text-editor\" data-id=\"7fb919b\" data-element_type=\"widget\" data-widget_type=\"text-editor.default\">\n\t\t\t\t\t\t\t\t\t<p><strong>2024<\/strong><\/p><ul><li><p>Winner of the Departmental Award \u201cRecognition for Cultural Management\u201d granted by the Corazonarte Departmental Incentive Plan of IDECUT (Institute of Culture of Cundinamarca &#8211; Colombia).<\/p><\/li><li><p>Winner with his group Encanto Conjunto de Campanas of the grant \u201cScholarship to support the international circulation of artists and\/or musical groups\u201d from IDECUT with the project <i>\u201cEncanto Conjunto de Campanas Tour in Germany.\u201d<\/i><\/p><\/li><li><p>Winner with his group Encanto Conjunto de Campanas of the <i>\u201cInternational Tours Circulation Scholarship\u201d<\/i> from IDARTES (District Institute of the Arts of Bogot\u00e1) for his project <i>\u201cEncanto Conjunto de Campanas Tour in Germany.\u201d<\/i><\/p><\/li><li><p>Winner of the <i>\u201cArtistic Training Scholarship\u201d<\/i> from the Ministry of Arts, Cultures, and Knowledge of Colombia as Director of the \u201c<i>XI International Artistic Festival\u201d<\/i> project.<\/p><\/li><li><p>Winner of the Goethe Institute grant as co-author of the project <i>\u201cEncanto Conjunto de Campanas Tour in Germany.\u201d<\/i><\/p><\/li><\/ul><p><strong>2023<\/strong><\/p><ul><li><p>Winner of the recognition for his career as a cultural manager and outstanding musical work at the local, departmental, national, and international levels, awarded by the Municipal Government of Tabio and the Municipal Institute of Culture \u201cJoaqu\u00edn Pi\u00f1eros Corpas\u201d in the Night of Cultural Excellence.<\/p><\/li><li><p>Winner of the project <i>\u201cBells that Ring for Peace,\u201d<\/i> with Encanto Conjunto de Campanas, within the framework of the program <i>\u201cCelebrate Music\u201d<\/i> of the Ministry of Arts, Cultures, and Knowledge of Colombia.<\/p><\/li><li><p>Winner of the <i>\u201c2023 Philharmonic Culture Scholarship\u201d<\/i> from IDARTES Bogot\u00e1 with the project <i>\u201cAwakening Sensations with Handbells\u201d<\/i> for people with disabilities.<\/p><\/li><li><p>Winner with his group Encanto Conjunto de Campanas of the \u201cInternational Circulation Scholarship\u201d from the Ministry of Arts, Cultures, and Knowledge of Colombia for his project <i>\u201cColombia-Hungary Cultural Exchange.\u201d<\/i><\/p><\/li><li><p>Winner of the <i>\u201cVirtual Material Development Scholarship\u201d<\/i> as co-author of the project for the creation of virtual pedagogical material for beginners in bells titled: BASIC HANDBELL AND HANDCHIME TECHNIQUES FOR BEGINNING ENSEMBLES.<\/p><\/li><\/ul><p><strong>2021<\/strong><\/p><ul><li><p>Winner of the <i>\u201cVirtual Handbell Concerts\u201d <\/i>grant from the National Stimulus Plan of the Ministry of Culture.<\/p><\/li><li><p>Winner of the IBERM\u00daSICAS Ibero-American Music Promotion Program call with the project <i>\u201cColombia \u2013 Cuba Choral Exchange.\u201d<\/i><\/p><\/li><\/ul><p>2019<\/p><ul><li><p>Winner of the recognition for strengthening social inclusion through culture for people with disabilities with the project <i>\u201cCultural Activities and Musical Training for People with Disabilities: An Effective Strategy for Social Inclusion\u201d<\/i> from the Ministry of Culture.<\/p><\/li><\/ul><p>2018<\/p><ul><li><p>Winner of the recognition for his contributions as a cultural manager to the municipality of Tabio and the department of Cundinamarca by the Municipal Council of Tabio.<\/p><\/li><\/ul><p><strong>2017 \u2013 2016<\/strong><\/p><ul><li><p>Honorable mention from the Tabio Municipality for his support in the III and IV Student Art Festivals.<\/p><\/li><\/ul><p><strong>2016<\/strong><\/p><ul><li><p>Special mention for his participation in the XXIV Choir Meeting of the Municipality of Girardot.<\/p><\/li><li><p>Special recognition from the Municipal Government of Tabio and the Municipal Institute of Culture <i>\u201cJoaqu\u00edn Pi\u00f1eros Corpas\u201d<\/i> for his cultural work with the organization of the III Student Art Festival.<\/p><\/li><\/ul><p><strong>2012<\/strong><\/p><ul><li><p>Winner of the recognition for his outstanding participation in the 7th Coralc\u00fan and Puerto Morelos Mexico.<\/p><\/li><\/ul><p><strong>2011<\/strong><\/p><ul><li><p>Honorable mention from the Rural Departmental Educational Institution Bojac\u00e1 of the municipality of Ch\u00eda for his support as coordinator of the rural program of the Ch\u00eda House of Culture.<\/p><\/li><\/ul><p><strong>2002<\/strong><\/p><ul><li><p>Recognition for his participation in the V Christmas Concert in the municipality of Tabio by the Municipal Institute of Culture <i>\u201cJoaqu\u00edn Pi\u00f1eros Corpas.\u201d<\/i><\/p><\/li><\/ul><p><strong>2001<\/strong><\/p><ul><li><p>Recognition for his participation, effort, and leadership in the first regional festival of peasant music and dance organized by ASOCENTRO.<\/p><\/li><\/ul>\t\t\t\t\t\t\t\t<\/div>\n\t\t\t\t<div class=\"elementor-element elementor-element-ccd26b0 elementor-tablet-align-center elementor-widget elementor-widget-button\" data-id=\"ccd26b0\" data-element_type=\"widget\" data-widget_type=\"button.default\">\n\t\t\t\t\t\t\t\t\t\t<a class=\"elementor-button elementor-button-link elementor-size-sm\" href=\"https:\/\/www.sfcultural.org\/en\/wp-content\/uploads\/2025\/03\/CV-Alberto-Sanchez-with-supports-2025.pdf\" target=\"_blank\">\n\t\t\t\t\t\t<span class=\"elementor-button-content-wrapper\">\n\t\t\t\t\t\t<span class=\"elementor-button-icon\">\n\t\t\t\t<i aria-hidden=\"true\" class=\"fas fa-file-pdf\"><\/i>\t\t\t<\/span>\n\t\t\t\t\t\t\t\t\t<span class=\"elementor-button-text\">View full CV here<\/span>\n\t\t\t\t\t<\/span>\n\t\t\t\t\t<\/a>\n\t\t\t\t\t\t\t\t<\/div>\n\t\t\t\t\t<\/div>\n\t\t<\/div>\n\t\t\t\t\t<\/div>\n\t\t<\/section>\n\t\t\t\t<\/div>\n\t\t","protected":false},"excerpt":{"rendered":"<p>Somos una Entidad Cultural Sin \u00c1nimo de Lucro que lidera proyectos de formaci\u00f3n art\u00edstica y difusi\u00f3n Cultural desarrollando festivales art\u00edsticos internacionales, gira de cinciertos, escuela de m\u00fasica, escuela de camapanas y m\u00e9todo virtual de aprendizaje de campanas.<\/p>\n","protected":false},"author":1,"featured_media":0,"parent":0,"menu_order":0,"comment_status":"closed","ping_status":"closed","template":"elementor_header_footer","meta":{"footnotes":""},"class_list":["post-17776","page","type-page","status-publish","hentry"],"_links":{"self":[{"href":"http:\/\/www.sfcultural.org\/en\/wp-json\/wp\/v2\/pages\/17776","targetHints":{"allow":["GET"]}}],"collection":[{"href":"http:\/\/www.sfcultural.org\/en\/wp-json\/wp\/v2\/pages"}],"about":[{"href":"http:\/\/www.sfcultural.org\/en\/wp-json\/wp\/v2\/types\/page"}],"author":[{"embeddable":true,"href":"http:\/\/www.sfcultural.org\/en\/wp-json\/wp\/v2\/users\/1"}],"replies":[{"embeddable":true,"href":"http:\/\/www.sfcultural.org\/en\/wp-json\/wp\/v2\/comments?post=17776"}],"version-history":[{"count":31,"href":"http:\/\/www.sfcultural.org\/en\/wp-json\/wp\/v2\/pages\/17776\/revisions"}],"predecessor-version":[{"id":19102,"href":"http:\/\/www.sfcultural.org\/en\/wp-json\/wp\/v2\/pages\/17776\/revisions\/19102"}],"wp:attachment":[{"href":"http:\/\/www.sfcultural.org\/en\/wp-json\/wp\/v2\/media?parent=17776"}],"curies":[{"name":"wp","href":"https:\/\/api.w.org\/{rel}","templated":true}]}}