{"id":15328,"date":"2022-11-08T16:26:15","date_gmt":"2022-11-08T21:26:15","guid":{"rendered":"http:\/\/www.sfcultural.org\/en\/?page_id=15328"},"modified":"2025-03-11T16:51:49","modified_gmt":"2025-03-11T21:51:49","slug":"musical-initiation","status":"publish","type":"page","link":"https:\/\/www.sfcultural.org\/en\/music-school\/musical-initiation\/","title":{"rendered":"Musical Initiation"},"content":{"rendered":"\t\t<div data-elementor-type=\"wp-page\" data-elementor-id=\"15328\" class=\"elementor elementor-15328\">\n\t\t\t\t\t\t<section class=\"elementor-section elementor-top-section elementor-element elementor-element-687db40a elementor-section-stretched elementor-section-boxed elementor-section-height-default elementor-section-height-default\" data-id=\"687db40a\" data-element_type=\"section\" data-settings=\"{&quot;stretch_section&quot;:&quot;section-stretched&quot;,&quot;background_background&quot;:&quot;classic&quot;,&quot;shape_divider_bottom&quot;:&quot;opacity-tilt&quot;}\">\n\t\t\t\t\t<div class=\"elementor-shape elementor-shape-bottom\" data-negative=\"false\">\n\t\t\t<svg xmlns=\"http:\/\/www.w3.org\/2000\/svg\" viewBox=\"0 0 2600 131.1\" preserveAspectRatio=\"none\">\n\t<path class=\"elementor-shape-fill\" d=\"M0 0L2600 0 2600 69.1 0 0z\"\/>\n\t<path class=\"elementor-shape-fill\" style=\"opacity:0.5\" d=\"M0 0L2600 0 2600 69.1 0 69.1z\"\/>\n\t<path class=\"elementor-shape-fill\" style=\"opacity:0.25\" d=\"M2600 0L0 0 0 130.1 2600 69.1z\"\/>\n<\/svg>\t\t<\/div>\n\t\t\t\t\t<div class=\"elementor-container elementor-column-gap-default\">\n\t\t\t\t\t<div class=\"elementor-column elementor-col-100 elementor-top-column elementor-element elementor-element-38da0601\" data-id=\"38da0601\" data-element_type=\"column\">\n\t\t\t<div class=\"elementor-widget-wrap elementor-element-populated\">\n\t\t\t\t\t\t<section class=\"elementor-section elementor-inner-section elementor-element elementor-element-57f8b1 elementor-section-content-middle elementor-section-boxed elementor-section-height-default elementor-section-height-default\" data-id=\"57f8b1\" data-element_type=\"section\">\n\t\t\t\t\t\t<div class=\"elementor-container elementor-column-gap-default\">\n\t\t\t\t\t<div class=\"elementor-column elementor-col-50 elementor-inner-column elementor-element elementor-element-4d41cb13\" data-id=\"4d41cb13\" data-element_type=\"column\">\n\t\t\t<div class=\"elementor-widget-wrap elementor-element-populated\">\n\t\t\t\t\t\t<div class=\"elementor-element elementor-element-6342b028 elementor-widget elementor-widget-heading\" data-id=\"6342b028\" data-element_type=\"widget\" data-widget_type=\"heading.default\">\n\t\t\t\t\t<h1 class=\"elementor-heading-title elementor-size-default\">Musical Initiation Program<\/h1>\t\t\t\t<\/div>\n\t\t\t\t<div class=\"elementor-element elementor-element-af72fc elementor-widget elementor-widget-text-editor\" data-id=\"af72fc\" data-element_type=\"widget\" data-widget_type=\"text-editor.default\">\n\t\t\t\t\t\t\t\t\t<p>&#8220;This program aims to sensitize the student to the musical phenomenon, showing them the main characteristics of sound and helping them recognize them. It is important to note that this is the only program in the School that exclusively focuses on the awareness stage, as it serves as a foundation for the other programs.<\/p>\t\t\t\t\t\t\t\t<\/div>\n\t\t\t\t\t<\/div>\n\t\t<\/div>\n\t\t\t\t<div class=\"elementor-column elementor-col-50 elementor-inner-column elementor-element elementor-element-7999e336\" data-id=\"7999e336\" data-element_type=\"column\">\n\t\t\t<div class=\"elementor-widget-wrap elementor-element-populated\">\n\t\t\t\t\t\t<div class=\"elementor-element elementor-element-cec1393 elementor-widget elementor-widget-image\" data-id=\"cec1393\" data-element_type=\"widget\" data-widget_type=\"image.default\">\n\t\t\t\t\t\t\t\t\t\t\t\t\t\t\t<img loading=\"lazy\" decoding=\"async\" width=\"640\" height=\"424\" src=\"https:\/\/www.sfcultural.org\/en\/wp-content\/uploads\/2022\/10\/escuela-de-musica-03.webp\" class=\"attachment-large size-large wp-image-14122\" alt=\"\" srcset=\"https:\/\/www.sfcultural.org\/en\/wp-content\/uploads\/2022\/10\/escuela-de-musica-03.webp 654w, https:\/\/www.sfcultural.org\/en\/wp-content\/uploads\/2022\/10\/escuela-de-musica-03-300x199.webp 300w\" sizes=\"auto, (max-width: 640px) 100vw, 640px\" \/>\t\t\t\t\t\t\t\t\t\t\t\t\t\t\t<\/div>\n\t\t\t\t\t<\/div>\n\t\t<\/div>\n\t\t\t\t\t<\/div>\n\t\t<\/section>\n\t\t\t\t\t<\/div>\n\t\t<\/div>\n\t\t\t\t\t<\/div>\n\t\t<\/section>\n\t\t\t\t<section class=\"elementor-section elementor-top-section elementor-element elementor-element-5438b3a5 elementor-section-stretched elementor-section-boxed elementor-section-height-default elementor-section-height-default\" data-id=\"5438b3a5\" data-element_type=\"section\" data-settings=\"{&quot;stretch_section&quot;:&quot;section-stretched&quot;,&quot;background_background&quot;:&quot;classic&quot;,&quot;shape_divider_top&quot;:&quot;opacity-tilt&quot;}\">\n\t\t\t\t\t\t\t<div class=\"elementor-background-overlay\"><\/div>\n\t\t\t\t\t\t<div class=\"elementor-shape elementor-shape-top\" data-negative=\"false\">\n\t\t\t<svg xmlns=\"http:\/\/www.w3.org\/2000\/svg\" viewBox=\"0 0 2600 131.1\" preserveAspectRatio=\"none\">\n\t<path class=\"elementor-shape-fill\" d=\"M0 0L2600 0 2600 69.1 0 0z\"\/>\n\t<path class=\"elementor-shape-fill\" style=\"opacity:0.5\" d=\"M0 0L2600 0 2600 69.1 0 69.1z\"\/>\n\t<path class=\"elementor-shape-fill\" style=\"opacity:0.25\" d=\"M2600 0L0 0 0 130.1 2600 69.1z\"\/>\n<\/svg>\t\t<\/div>\n\t\t\t\t\t<div class=\"elementor-container elementor-column-gap-default\">\n\t\t\t\t\t<div class=\"elementor-column elementor-col-100 elementor-top-column elementor-element elementor-element-6d259c90\" data-id=\"6d259c90\" data-element_type=\"column\">\n\t\t\t<div class=\"elementor-widget-wrap elementor-element-populated\">\n\t\t\t\t\t\t<section class=\"elementor-section elementor-inner-section elementor-element elementor-element-2137e78a elementor-section-boxed elementor-section-height-default elementor-section-height-default\" data-id=\"2137e78a\" data-element_type=\"section\">\n\t\t\t\t\t\t<div class=\"elementor-container elementor-column-gap-default\">\n\t\t\t\t\t<div class=\"elementor-column elementor-col-100 elementor-inner-column elementor-element elementor-element-4b9f2c57\" data-id=\"4b9f2c57\" data-element_type=\"column\">\n\t\t\t<div class=\"elementor-widget-wrap elementor-element-populated\">\n\t\t\t\t\t\t<div class=\"elementor-element elementor-element-3e6750a5 elementor-widget elementor-widget-heading\" data-id=\"3e6750a5\" data-element_type=\"widget\" data-widget_type=\"heading.default\">\n\t\t\t\t\t<h2 class=\"elementor-heading-title elementor-size-default\">Objectives<\/h2>\t\t\t\t<\/div>\n\t\t\t\t<div class=\"elementor-element elementor-element-78666abf elementor-widget elementor-widget-text-editor\" data-id=\"78666abf\" data-element_type=\"widget\" data-widget_type=\"text-editor.default\">\n\t\t\t\t\t\t\t\t\t<ul><li><p>Imitate simple rhythmic patterns.<\/p><\/li><li><p>Recognize simple melodies and sing them.<\/p><\/li><\/ul>\t\t\t\t\t\t\t\t<\/div>\n\t\t\t\t<div class=\"elementor-element elementor-element-36659d3f elementor-widget elementor-widget-heading\" data-id=\"36659d3f\" data-element_type=\"widget\" data-widget_type=\"heading.default\">\n\t\t\t\t\t<h2 class=\"elementor-heading-title elementor-size-default\">Stages<\/h2>\t\t\t\t<\/div>\n\t\t\t\t<div class=\"elementor-element elementor-element-645f1e43 elementor-widget-divider--view-line_text elementor-widget-divider--element-align-center elementor-widget elementor-widget-divider\" data-id=\"645f1e43\" data-element_type=\"widget\" data-widget_type=\"divider.default\">\n\t\t\t\t\t\t\t<div class=\"elementor-divider\">\n\t\t\t<span class=\"elementor-divider-separator\">\n\t\t\t\t\t\t\t<span class=\"elementor-divider__text elementor-divider__element\">\n\t\t\t\tAwareness\t\t\t\t<\/span>\n\t\t\t\t\t\t<\/span>\n\t\t<\/div>\n\t\t\t\t\t\t<\/div>\n\t\t\t\t<div class=\"elementor-element elementor-element-ea98bc9 elementor-widget elementor-widget-text-editor\" data-id=\"ea98bc9\" data-element_type=\"widget\" data-widget_type=\"text-editor.default\">\n\t\t\t\t\t\t\t\t\t<ol><li><p>Recognition of sound characteristics such as intensity, duration, pitch, and timbre.<\/p><\/li><li><p>Recognize and imitate the aforementioned sound characteristics in everyday environments (sounds of a car, animals, household items, etc.).<\/p><\/li><li><p>Discover the sounds we can create not only with the voice but also with the body.<\/p><\/li><li><p>Exploration of small percussion instruments and their different timbres.<\/p><\/li><li><p>Play singing and marching to the beats of a children&#8217;s melody.<\/p><\/li><li><p>Introduction to basic rhythmic notation (whole notes, half notes, quarter notes, and eighth notes).<\/p><\/li><li><p><strong>Group imitation of easy melodies that stimulate the nearest instrument to everyone:<\/strong> the voice.<\/p><\/li><\/ol>\t\t\t\t\t\t\t\t<\/div>\n\t\t\t\t<div class=\"elementor-element elementor-element-4b93438 elementor-widget elementor-widget-heading\" data-id=\"4b93438\" data-element_type=\"widget\" data-widget_type=\"heading.default\">\n\t\t\t\t\t<h2 class=\"elementor-heading-title elementor-size-default\">Bibliography<\/h2>\t\t\t\t<\/div>\n\t\t\t\t<div class=\"elementor-element elementor-element-bf92762 elementor-widget elementor-widget-text-editor\" data-id=\"bf92762\" data-element_type=\"widget\" data-widget_type=\"text-editor.default\">\n\t\t\t\t\t\t\t\t\t<ul><li><strong>Pedraza Gualdr\u00f3n<\/strong>, Miguel Andr\u00e9s, <strong>S\u00e1nchez Malaver<\/strong>, Luis Alberto. El impacto de juegos y actividades teatrales en un proceso de Iniciaci\u00f3n musical con ni\u00f1os de 7 a 10 a\u00f1os de edad, Monograf\u00eda de grado 2003.<\/li><li><strong>Martenot<\/strong>, Maurice. Principios fundamentales de formaci\u00f3n y su aplicaci\u00f3n Madrid, Ediciones Rialp, 1993.<\/li><li><strong>Willems<\/strong>, Edgr. La Preparaci\u00f3n Musical de los m\u00e1s peque\u00f1os, Buenos Aires Editorial Eudeba, 1962.<\/li><\/ul>\t\t\t\t\t\t\t\t<\/div>\n\t\t\t\t\t<\/div>\n\t\t<\/div>\n\t\t\t\t\t<\/div>\n\t\t<\/section>\n\t\t\t\t\t<\/div>\n\t\t<\/div>\n\t\t\t\t\t<\/div>\n\t\t<\/section>\n\t\t\t\t<\/div>\n\t\t","protected":false},"excerpt":{"rendered":"<p>&#8220;This program aims to sensitize the student to the musical phenomenon, showing them the main characteristics of sound and helping them recognize them. It is important to note that this is the only program in the School that exclusively focuses on the awareness stage, as it serves as a foundation for the other programs.<\/p>\n","protected":false},"author":1,"featured_media":0,"parent":14073,"menu_order":0,"comment_status":"closed","ping_status":"closed","template":"","meta":{"footnotes":""},"class_list":["post-15328","page","type-page","status-publish","hentry"],"_links":{"self":[{"href":"https:\/\/www.sfcultural.org\/en\/wp-json\/wp\/v2\/pages\/15328","targetHints":{"allow":["GET"]}}],"collection":[{"href":"https:\/\/www.sfcultural.org\/en\/wp-json\/wp\/v2\/pages"}],"about":[{"href":"https:\/\/www.sfcultural.org\/en\/wp-json\/wp\/v2\/types\/page"}],"author":[{"embeddable":true,"href":"https:\/\/www.sfcultural.org\/en\/wp-json\/wp\/v2\/users\/1"}],"replies":[{"embeddable":true,"href":"https:\/\/www.sfcultural.org\/en\/wp-json\/wp\/v2\/comments?post=15328"}],"version-history":[{"count":13,"href":"https:\/\/www.sfcultural.org\/en\/wp-json\/wp\/v2\/pages\/15328\/revisions"}],"predecessor-version":[{"id":18961,"href":"https:\/\/www.sfcultural.org\/en\/wp-json\/wp\/v2\/pages\/15328\/revisions\/18961"}],"up":[{"embeddable":true,"href":"https:\/\/www.sfcultural.org\/en\/wp-json\/wp\/v2\/pages\/14073"}],"wp:attachment":[{"href":"https:\/\/www.sfcultural.org\/en\/wp-json\/wp\/v2\/media?parent=15328"}],"curies":[{"name":"wp","href":"https:\/\/api.w.org\/{rel}","templated":true}]}}