{"id":15361,"date":"2022-11-08T16:48:09","date_gmt":"2022-11-08T21:48:09","guid":{"rendered":"http:\/\/www.sfcultural.org\/en\/?page_id=15361"},"modified":"2025-03-11T16:48:03","modified_gmt":"2025-03-11T21:48:03","slug":"choir-training-school","status":"publish","type":"page","link":"https:\/\/www.sfcultural.org\/en\/music-school\/choir-training-school\/","title":{"rendered":"Choir Training School"},"content":{"rendered":"\t\t<div data-elementor-type=\"wp-page\" data-elementor-id=\"15361\" class=\"elementor elementor-15361\">\n\t\t\t\t\t\t<section class=\"elementor-section elementor-top-section elementor-element elementor-element-51879748 elementor-section-stretched elementor-section-boxed elementor-section-height-default elementor-section-height-default\" data-id=\"51879748\" data-element_type=\"section\" data-settings=\"{&quot;stretch_section&quot;:&quot;section-stretched&quot;,&quot;background_background&quot;:&quot;classic&quot;,&quot;shape_divider_bottom&quot;:&quot;opacity-tilt&quot;}\">\n\t\t\t\t\t<div class=\"elementor-shape elementor-shape-bottom\" data-negative=\"false\">\n\t\t\t<svg xmlns=\"http:\/\/www.w3.org\/2000\/svg\" viewBox=\"0 0 2600 131.1\" preserveAspectRatio=\"none\">\n\t<path class=\"elementor-shape-fill\" d=\"M0 0L2600 0 2600 69.1 0 0z\"\/>\n\t<path class=\"elementor-shape-fill\" style=\"opacity:0.5\" d=\"M0 0L2600 0 2600 69.1 0 69.1z\"\/>\n\t<path class=\"elementor-shape-fill\" style=\"opacity:0.25\" d=\"M2600 0L0 0 0 130.1 2600 69.1z\"\/>\n<\/svg>\t\t<\/div>\n\t\t\t\t\t<div class=\"elementor-container elementor-column-gap-default\">\n\t\t\t\t\t<div class=\"elementor-column elementor-col-100 elementor-top-column elementor-element elementor-element-ec83ca7\" data-id=\"ec83ca7\" data-element_type=\"column\">\n\t\t\t<div class=\"elementor-widget-wrap elementor-element-populated\">\n\t\t\t\t\t\t<section class=\"elementor-section elementor-inner-section elementor-element elementor-element-c9c65ef elementor-section-content-middle elementor-section-boxed elementor-section-height-default elementor-section-height-default\" data-id=\"c9c65ef\" data-element_type=\"section\">\n\t\t\t\t\t\t<div class=\"elementor-container elementor-column-gap-default\">\n\t\t\t\t\t<div class=\"elementor-column elementor-col-50 elementor-inner-column elementor-element elementor-element-7da6efd8\" data-id=\"7da6efd8\" data-element_type=\"column\">\n\t\t\t<div class=\"elementor-widget-wrap elementor-element-populated\">\n\t\t\t\t\t\t<div class=\"elementor-element elementor-element-52dae25d elementor-widget elementor-widget-heading\" data-id=\"52dae25d\" data-element_type=\"widget\" data-widget_type=\"heading.default\">\n\t\t\t\t\t<h1 class=\"elementor-heading-title elementor-size-default\">Choir Training School<\/h1>\t\t\t\t<\/div>\n\t\t\t\t<div class=\"elementor-element elementor-element-244731d6 elementor-widget elementor-widget-text-editor\" data-id=\"244731d6\" data-element_type=\"widget\" data-widget_type=\"text-editor.default\">\n\t\t\t\t\t\t\t\t\t<p>This course aims to develop the student&#8217;s voice, from their breathing, body posture, and tuning, to the very art of singing itself, using the method left by maestro Alejandro Zuleta.<\/p>\t\t\t\t\t\t\t\t<\/div>\n\t\t\t\t\t<\/div>\n\t\t<\/div>\n\t\t\t\t<div class=\"elementor-column elementor-col-50 elementor-inner-column elementor-element elementor-element-5c21525e\" data-id=\"5c21525e\" data-element_type=\"column\">\n\t\t\t<div class=\"elementor-widget-wrap elementor-element-populated\">\n\t\t\t\t\t\t<div class=\"elementor-element elementor-element-51c208fd elementor-widget elementor-widget-video\" data-id=\"51c208fd\" data-element_type=\"widget\" data-settings=\"{&quot;youtube_url&quot;:&quot;https:\\\/\\\/youtu.be\\\/uwbm5xSKp9Q&quot;,&quot;video_type&quot;:&quot;youtube&quot;,&quot;controls&quot;:&quot;yes&quot;}\" data-widget_type=\"video.default\">\n\t\t\t\t\t\t\t<div class=\"elementor-wrapper elementor-open-inline\">\n\t\t\t<div class=\"elementor-video\"><\/div>\t\t<\/div>\n\t\t\t\t\t\t<\/div>\n\t\t\t\t\t<\/div>\n\t\t<\/div>\n\t\t\t\t\t<\/div>\n\t\t<\/section>\n\t\t\t\t\t<\/div>\n\t\t<\/div>\n\t\t\t\t\t<\/div>\n\t\t<\/section>\n\t\t\t\t<section class=\"elementor-section elementor-top-section elementor-element elementor-element-69f0c6b4 elementor-section-stretched elementor-section-boxed elementor-section-height-default elementor-section-height-default\" data-id=\"69f0c6b4\" data-element_type=\"section\" data-settings=\"{&quot;stretch_section&quot;:&quot;section-stretched&quot;,&quot;background_background&quot;:&quot;classic&quot;,&quot;shape_divider_top&quot;:&quot;opacity-tilt&quot;}\">\n\t\t\t\t\t\t\t<div class=\"elementor-background-overlay\"><\/div>\n\t\t\t\t\t\t<div class=\"elementor-shape elementor-shape-top\" data-negative=\"false\">\n\t\t\t<svg xmlns=\"http:\/\/www.w3.org\/2000\/svg\" viewBox=\"0 0 2600 131.1\" preserveAspectRatio=\"none\">\n\t<path class=\"elementor-shape-fill\" d=\"M0 0L2600 0 2600 69.1 0 0z\"\/>\n\t<path class=\"elementor-shape-fill\" style=\"opacity:0.5\" d=\"M0 0L2600 0 2600 69.1 0 69.1z\"\/>\n\t<path class=\"elementor-shape-fill\" style=\"opacity:0.25\" d=\"M2600 0L0 0 0 130.1 2600 69.1z\"\/>\n<\/svg>\t\t<\/div>\n\t\t\t\t\t<div class=\"elementor-container elementor-column-gap-default\">\n\t\t\t\t\t<div class=\"elementor-column elementor-col-100 elementor-top-column elementor-element elementor-element-135de39\" data-id=\"135de39\" data-element_type=\"column\">\n\t\t\t<div class=\"elementor-widget-wrap elementor-element-populated\">\n\t\t\t\t\t\t<section class=\"elementor-section elementor-inner-section elementor-element elementor-element-25913750 elementor-section-content-middle elementor-section-boxed elementor-section-height-default elementor-section-height-default\" data-id=\"25913750\" data-element_type=\"section\">\n\t\t\t\t\t\t<div class=\"elementor-container elementor-column-gap-default\">\n\t\t\t\t\t<div class=\"elementor-column elementor-col-50 elementor-inner-column elementor-element elementor-element-78478707\" data-id=\"78478707\" data-element_type=\"column\">\n\t\t\t<div class=\"elementor-widget-wrap elementor-element-populated\">\n\t\t\t\t\t\t<div class=\"elementor-element elementor-element-4df1f1f4 elementor-widget elementor-widget-heading\" data-id=\"4df1f1f4\" data-element_type=\"widget\" data-widget_type=\"heading.default\">\n\t\t\t\t\t<h2 class=\"elementor-heading-title elementor-size-default\">Objectives<\/h2>\t\t\t\t<\/div>\n\t\t\t\t<div class=\"elementor-element elementor-element-5efc8b9 elementor-widget elementor-widget-text-editor\" data-id=\"5efc8b9\" data-element_type=\"widget\" data-widget_type=\"text-editor.default\">\n\t\t\t\t\t\t\t\t\t<ul><li><p>Make the student aware of different types of breathing for singing.<\/p><\/li><li><p>Work on body posture to achieve correct sound emission.<\/p><\/li><li><p>Improve the students&#8217; tuning through interval and scale exercises.<\/p><\/li><\/ul>\t\t\t\t\t\t\t\t<\/div>\n\t\t\t\t\t<\/div>\n\t\t<\/div>\n\t\t\t\t<div class=\"elementor-column elementor-col-50 elementor-inner-column elementor-element elementor-element-41cba5c5\" data-id=\"41cba5c5\" data-element_type=\"column\">\n\t\t\t<div class=\"elementor-widget-wrap elementor-element-populated\">\n\t\t\t\t\t\t<div class=\"elementor-element elementor-element-df1f190 elementor-widget elementor-widget-image\" data-id=\"df1f190\" data-element_type=\"widget\" data-widget_type=\"image.default\">\n\t\t\t\t\t\t\t\t\t\t\t\t\t\t\t<img loading=\"lazy\" decoding=\"async\" width=\"1024\" height=\"451\" src=\"https:\/\/www.sfcultural.org\/en\/wp-content\/uploads\/2022\/11\/coro-03.webp\" class=\"attachment-full size-full wp-image-15381\" alt=\"\" srcset=\"https:\/\/www.sfcultural.org\/en\/wp-content\/uploads\/2022\/11\/coro-03.webp 1024w, https:\/\/www.sfcultural.org\/en\/wp-content\/uploads\/2022\/11\/coro-03-300x132.webp 300w, https:\/\/www.sfcultural.org\/en\/wp-content\/uploads\/2022\/11\/coro-03-768x338.webp 768w\" sizes=\"auto, (max-width: 1024px) 100vw, 1024px\" \/>\t\t\t\t\t\t\t\t\t\t\t\t\t\t\t<\/div>\n\t\t\t\t\t<\/div>\n\t\t<\/div>\n\t\t\t\t\t<\/div>\n\t\t<\/section>\n\t\t\t\t<section class=\"elementor-section elementor-inner-section elementor-element elementor-element-788b12ff elementor-section-content-middle elementor-section-boxed elementor-section-height-default elementor-section-height-default\" data-id=\"788b12ff\" data-element_type=\"section\">\n\t\t\t\t\t\t<div class=\"elementor-container elementor-column-gap-default\">\n\t\t\t\t\t<div class=\"elementor-column elementor-col-50 elementor-inner-column elementor-element elementor-element-c0fade6\" data-id=\"c0fade6\" data-element_type=\"column\">\n\t\t\t<div class=\"elementor-widget-wrap elementor-element-populated\">\n\t\t\t\t\t\t<div class=\"elementor-element elementor-element-4fdf982d elementor-hidden-tablet elementor-hidden-mobile elementor-widget elementor-widget-image\" data-id=\"4fdf982d\" data-element_type=\"widget\" data-widget_type=\"image.default\">\n\t\t\t\t\t\t\t\t\t\t\t\t\t\t\t<img loading=\"lazy\" decoding=\"async\" width=\"640\" height=\"286\" src=\"https:\/\/www.sfcultural.org\/en\/wp-content\/uploads\/2022\/11\/coro-02.webp\" class=\"attachment-large size-large wp-image-15380\" alt=\"\" srcset=\"https:\/\/www.sfcultural.org\/en\/wp-content\/uploads\/2022\/11\/coro-02.webp 1024w, https:\/\/www.sfcultural.org\/en\/wp-content\/uploads\/2022\/11\/coro-02-300x134.webp 300w, https:\/\/www.sfcultural.org\/en\/wp-content\/uploads\/2022\/11\/coro-02-768x343.webp 768w\" sizes=\"auto, (max-width: 640px) 100vw, 640px\" \/>\t\t\t\t\t\t\t\t\t\t\t\t\t\t\t<\/div>\n\t\t\t\t\t<\/div>\n\t\t<\/div>\n\t\t\t\t<div class=\"elementor-column elementor-col-50 elementor-inner-column elementor-element elementor-element-6ce1ff7a\" data-id=\"6ce1ff7a\" data-element_type=\"column\">\n\t\t\t<div class=\"elementor-widget-wrap elementor-element-populated\">\n\t\t\t\t\t\t<div class=\"elementor-element elementor-element-5005cca9 elementor-widget elementor-widget-heading\" data-id=\"5005cca9\" data-element_type=\"widget\" data-widget_type=\"heading.default\">\n\t\t\t\t\t<h2 class=\"elementor-heading-title elementor-size-default\">Stages<\/h2>\t\t\t\t<\/div>\n\t\t\t\t<div class=\"elementor-element elementor-element-2556b5b4 elementor-widget-divider--view-line_text elementor-widget-divider--element-align-center elementor-widget elementor-widget-divider\" data-id=\"2556b5b4\" data-element_type=\"widget\" data-widget_type=\"divider.default\">\n\t\t\t\t\t\t\t<div class=\"elementor-divider\">\n\t\t\t<span class=\"elementor-divider-separator\">\n\t\t\t\t\t\t\t<span class=\"elementor-divider__text elementor-divider__element\">\n\t\t\t\tAwareness\t\t\t\t<\/span>\n\t\t\t\t\t\t<\/span>\n\t\t<\/div>\n\t\t\t\t\t\t<\/div>\n\t\t\t\t<div class=\"elementor-element elementor-element-41c80759 elementor-widget elementor-widget-text-editor\" data-id=\"41c80759\" data-element_type=\"widget\" data-widget_type=\"text-editor.default\">\n\t\t\t\t\t\t\t\t\t<ol><li><p><strong>Prepare the body&#8217;s musculature:<\/strong> Relax and adopt a comfortable and controlled body posture for singing.<\/p><\/li><li><p><strong>Breathing exercises:<\/strong> Begin training different types of breathing and learn to briefly recognize the muscles involved in singing.<\/p><\/li><li><p>Integrate and understand the functioning of the respiratory, phonation, and articulation organs.<\/p><\/li><li><p>Begin to create awareness about the voice as an instrument.<\/p><\/li><li><p>Perform tuned warm-up exercises in major scales<\/p><\/li><\/ol>\t\t\t\t\t\t\t\t<\/div>\n\t\t\t\t<div class=\"elementor-element elementor-element-d180d3e elementor-hidden-desktop elementor-widget elementor-widget-image\" data-id=\"d180d3e\" data-element_type=\"widget\" data-widget_type=\"image.default\">\n\t\t\t\t\t\t\t\t\t\t\t\t\t\t\t<img loading=\"lazy\" decoding=\"async\" width=\"640\" height=\"286\" src=\"https:\/\/www.sfcultural.org\/en\/wp-content\/uploads\/2022\/11\/coro-02.webp\" class=\"attachment-large size-large wp-image-15380\" alt=\"\" srcset=\"https:\/\/www.sfcultural.org\/en\/wp-content\/uploads\/2022\/11\/coro-02.webp 1024w, https:\/\/www.sfcultural.org\/en\/wp-content\/uploads\/2022\/11\/coro-02-300x134.webp 300w, https:\/\/www.sfcultural.org\/en\/wp-content\/uploads\/2022\/11\/coro-02-768x343.webp 768w\" sizes=\"auto, (max-width: 640px) 100vw, 640px\" \/>\t\t\t\t\t\t\t\t\t\t\t\t\t\t\t<\/div>\n\t\t\t\t\t<\/div>\n\t\t<\/div>\n\t\t\t\t\t<\/div>\n\t\t<\/section>\n\t\t\t\t<section class=\"elementor-section elementor-inner-section elementor-element elementor-element-799846cb elementor-section-content-space-around elementor-section-boxed elementor-section-height-default elementor-section-height-default\" data-id=\"799846cb\" data-element_type=\"section\">\n\t\t\t\t\t\t<div class=\"elementor-container elementor-column-gap-default\">\n\t\t\t\t\t<div class=\"elementor-column elementor-col-50 elementor-inner-column elementor-element elementor-element-a9aacf2\" data-id=\"a9aacf2\" data-element_type=\"column\">\n\t\t\t<div class=\"elementor-widget-wrap elementor-element-populated\">\n\t\t\t\t\t\t<div class=\"elementor-element elementor-element-d953513 elementor-widget-divider--view-line_text elementor-widget-divider--element-align-center elementor-widget elementor-widget-divider\" data-id=\"d953513\" data-element_type=\"widget\" data-widget_type=\"divider.default\">\n\t\t\t\t\t\t\t<div class=\"elementor-divider\">\n\t\t\t<span class=\"elementor-divider-separator\">\n\t\t\t\t\t\t\t<span class=\"elementor-divider__text elementor-divider__element\">\n\t\t\t\tFundamentals\t\t\t\t<\/span>\n\t\t\t\t\t\t<\/span>\n\t\t<\/div>\n\t\t\t\t\t\t<\/div>\n\t\t\t\t<div class=\"elementor-element elementor-element-709fec98 elementor-widget elementor-widget-text-editor\" data-id=\"709fec98\" data-element_type=\"widget\" data-widget_type=\"text-editor.default\">\n\t\t\t\t\t\t\t\t\t<ol><li><p>Perform children&#8217;s choral works with instrumental accompaniment.<\/p><\/li><li><p>Learn to dissociate choir voices<\/p><\/li><\/ol>\t\t\t\t\t\t\t\t<\/div>\n\t\t\t\t<div class=\"elementor-element elementor-element-d0e4ebe elementor-widget elementor-widget-heading\" data-id=\"d0e4ebe\" data-element_type=\"widget\" data-widget_type=\"heading.default\">\n\t\t\t\t\t<h2 class=\"elementor-heading-title elementor-size-default\">Bibliography<\/h2>\t\t\t\t<\/div>\n\t\t\t\t<div class=\"elementor-element elementor-element-0b9cd97 elementor-widget elementor-widget-text-editor\" data-id=\"0b9cd97\" data-element_type=\"widget\" data-widget_type=\"text-editor.default\">\n\t\t\t\t\t\t\t\t\t<ul><li><p><strong>ZULETA JARAMILLO<\/strong>, Alejandro. Programa b\u00e1sico de direcci\u00f3n de Coros Infantiles. Ministerio de Cultura. Imprenta Nacional de Colombia. Bogot\u00e1. Colombia. 2004.<\/p><\/li><li><p><strong>PI\u00d1EROS LARA<\/strong>, Mar\u00eda Olga. Introducci\u00f3n a la pedagog\u00eda Vocal para coros Infantiles. Ministerio de Cultura. Imprenta Nacional de Colombia Bogot\u00e1. Colombia. 2004.<\/p><\/li><li><p><strong>LE\u00d3N<\/strong>, Magdalena. El Arte de Respirar. Impresiones Buenos Aires Editorial. Paraguay 2427, Buenos Aires.\u00a0 Argentina. 2008.<\/p><\/li><li><p><strong>ZULETA JARAMILLO<\/strong>, Alejandro. El M\u00e9todo Kod\u00e1ly en Colombia. Editorial Pontificia Universidad Javeriana. Bogot\u00e1. Colombia. 2008<\/p><\/li><\/ul>\t\t\t\t\t\t\t\t<\/div>\n\t\t\t\t\t<\/div>\n\t\t<\/div>\n\t\t\t\t<div class=\"elementor-column elementor-col-50 elementor-inner-column elementor-element elementor-element-dca7b32\" data-id=\"dca7b32\" data-element_type=\"column\">\n\t\t\t<div class=\"elementor-widget-wrap elementor-element-populated\">\n\t\t\t\t\t\t<div class=\"elementor-element elementor-element-3dc44ca4 elementor-widget elementor-widget-image\" data-id=\"3dc44ca4\" data-element_type=\"widget\" data-widget_type=\"image.default\">\n\t\t\t\t\t\t\t\t\t\t\t\t\t\t\t<img loading=\"lazy\" decoding=\"async\" width=\"640\" height=\"479\" src=\"https:\/\/www.sfcultural.org\/en\/wp-content\/uploads\/2022\/11\/coro-01.webp\" class=\"attachment-large size-large wp-image-15373\" alt=\"\" srcset=\"https:\/\/www.sfcultural.org\/en\/wp-content\/uploads\/2022\/11\/coro-01.webp 1024w, https:\/\/www.sfcultural.org\/en\/wp-content\/uploads\/2022\/11\/coro-01-300x224.webp 300w, https:\/\/www.sfcultural.org\/en\/wp-content\/uploads\/2022\/11\/coro-01-768x575.webp 768w\" sizes=\"auto, (max-width: 640px) 100vw, 640px\" \/>\t\t\t\t\t\t\t\t\t\t\t\t\t\t\t<\/div>\n\t\t\t\t\t<\/div>\n\t\t<\/div>\n\t\t\t\t\t<\/div>\n\t\t<\/section>\n\t\t\t\t\t<\/div>\n\t\t<\/div>\n\t\t\t\t\t<\/div>\n\t\t<\/section>\n\t\t\t\t<\/div>\n\t\t","protected":false},"excerpt":{"rendered":"<p>This course aims to develop the student&#8217;s voice, from their breathing, body posture, and tuning, to the very art of singing itself, using the method left by maestro Alejandro Zuleta.<\/p>\n","protected":false},"author":1,"featured_media":0,"parent":14073,"menu_order":0,"comment_status":"closed","ping_status":"closed","template":"","meta":{"footnotes":""},"class_list":["post-15361","page","type-page","status-publish","hentry"],"_links":{"self":[{"href":"https:\/\/www.sfcultural.org\/en\/wp-json\/wp\/v2\/pages\/15361","targetHints":{"allow":["GET"]}}],"collection":[{"href":"https:\/\/www.sfcultural.org\/en\/wp-json\/wp\/v2\/pages"}],"about":[{"href":"https:\/\/www.sfcultural.org\/en\/wp-json\/wp\/v2\/types\/page"}],"author":[{"embeddable":true,"href":"https:\/\/www.sfcultural.org\/en\/wp-json\/wp\/v2\/users\/1"}],"replies":[{"embeddable":true,"href":"https:\/\/www.sfcultural.org\/en\/wp-json\/wp\/v2\/comments?post=15361"}],"version-history":[{"count":13,"href":"https:\/\/www.sfcultural.org\/en\/wp-json\/wp\/v2\/pages\/15361\/revisions"}],"predecessor-version":[{"id":18958,"href":"https:\/\/www.sfcultural.org\/en\/wp-json\/wp\/v2\/pages\/15361\/revisions\/18958"}],"up":[{"embeddable":true,"href":"https:\/\/www.sfcultural.org\/en\/wp-json\/wp\/v2\/pages\/14073"}],"wp:attachment":[{"href":"https:\/\/www.sfcultural.org\/en\/wp-json\/wp\/v2\/media?parent=15361"}],"curies":[{"name":"wp","href":"https:\/\/api.w.org\/{rel}","templated":true}]}}