{"id":15903,"date":"2022-11-11T16:51:38","date_gmt":"2022-11-11T21:51:38","guid":{"rendered":"http:\/\/www.sfcultural.org\/en\/?page_id=15903"},"modified":"2025-03-12T05:24:49","modified_gmt":"2025-03-12T10:24:49","slug":"partner-projects","status":"publish","type":"page","link":"https:\/\/www.sfcultural.org\/en\/encanto-handbells-ensemble\/trainer-training-school\/partner-projects\/","title":{"rendered":"Partner Projects"},"content":{"rendered":"\t\t<div data-elementor-type=\"wp-page\" data-elementor-id=\"15903\" class=\"elementor elementor-15903\">\n\t\t\t\t\t\t<section class=\"elementor-section elementor-top-section elementor-element elementor-element-ce29c7b elementor-section-content-middle elementor-section-height-min-height elementor-section-boxed elementor-section-height-default elementor-section-items-middle\" data-id=\"ce29c7b\" data-element_type=\"section\" data-settings=\"{&quot;background_background&quot;:&quot;classic&quot;}\">\n\t\t\t\t\t\t<div class=\"elementor-container elementor-column-gap-no\">\n\t\t\t\t\t<div class=\"elementor-column elementor-col-50 elementor-top-column elementor-element elementor-element-a00f94a\" data-id=\"a00f94a\" data-element_type=\"column\" data-settings=\"{&quot;background_background&quot;:&quot;classic&quot;}\">\n\t\t\t<div class=\"elementor-widget-wrap elementor-element-populated\">\n\t\t\t\t\t<div class=\"elementor-background-overlay\"><\/div>\n\t\t\t\t\t\t<div class=\"elementor-element elementor-element-b6b2f58 elementor-widget elementor-widget-heading\" data-id=\"b6b2f58\" data-element_type=\"widget\" data-widget_type=\"heading.default\">\n\t\t\t\t\t<h3 class=\"elementor-heading-title elementor-size-default\">Partner projects<\/h3>\t\t\t\t<\/div>\n\t\t\t\t\t<\/div>\n\t\t<\/div>\n\t\t\t\t<div class=\"elementor-column elementor-col-50 elementor-top-column elementor-element elementor-element-72f2c44\" data-id=\"72f2c44\" data-element_type=\"column\">\n\t\t\t<div class=\"elementor-widget-wrap elementor-element-populated\">\n\t\t\t\t\t\t<div class=\"elementor-element elementor-element-128f51d elementor-widget elementor-widget-text-editor\" data-id=\"128f51d\" data-element_type=\"widget\" data-widget_type=\"text-editor.default\">\n\t\t\t\t\t\t\t\t\t<p>Projects carried out in the town of Tabio, Tenjo, San Francisco, Zipaquir\u00e1, Zipac\u00f3n, La Mesa, and Alb\u00e1n in the department of Cundinamarca.<\/p>\t\t\t\t\t\t\t\t<\/div>\n\t\t\t\t<div class=\"elementor-element elementor-element-970dad8 elementor-widget elementor-widget-heading\" data-id=\"970dad8\" data-element_type=\"widget\" data-widget_type=\"heading.default\">\n\t\t\t\t\t<h2 class=\"elementor-heading-title elementor-size-default\">INSTITUTES<\/h2>\t\t\t\t<\/div>\n\t\t\t\t<div class=\"elementor-element elementor-element-b1cbbb5 elementor-icon-list--layout-traditional elementor-list-item-link-full_width elementor-widget elementor-widget-icon-list\" data-id=\"b1cbbb5\" data-element_type=\"widget\" data-widget_type=\"icon-list.default\">\n\t\t\t\t\t\t\t<ul class=\"elementor-icon-list-items\">\n\t\t\t\t\t\t\t<li class=\"elementor-icon-list-item\">\n\t\t\t\t\t\t\t\t\t\t\t<a href=\"https:\/\/www.sfcultural.org\/en\/music-school\/departmental-handbell-network\/dei-chimbe-handbells-school-alban\/\">\n\n\t\t\t\t\t\t\t\t\t\t\t\t<span class=\"elementor-icon-list-icon\">\n\t\t\t\t\t\t\t<i aria-hidden=\"true\" class=\"fas fa-check\"><\/i>\t\t\t\t\t\t<\/span>\n\t\t\t\t\t\t\t\t\t\t<span class=\"elementor-icon-list-text\">DEI Chimbe Handbells School - Alb\u00e1n<\/span>\n\t\t\t\t\t\t\t\t\t\t\t<\/a>\n\t\t\t\t\t\t\t\t\t<\/li>\n\t\t\t\t\t\t\t\t<li class=\"elementor-icon-list-item\">\n\t\t\t\t\t\t\t\t\t\t\t<a href=\"https:\/\/www.sfcultural.org\/en\/music-school\/departmental-handbell-network\/drei-anatoli-handbells-school-la-mesa\/\">\n\n\t\t\t\t\t\t\t\t\t\t\t\t<span class=\"elementor-icon-list-icon\">\n\t\t\t\t\t\t\t<i aria-hidden=\"true\" class=\"fas fa-check\"><\/i>\t\t\t\t\t\t<\/span>\n\t\t\t\t\t\t\t\t\t\t<span class=\"elementor-icon-list-text\">DREI Anatol\u00ed Handbells School  - La Mesa<\/span>\n\t\t\t\t\t\t\t\t\t\t\t<\/a>\n\t\t\t\t\t\t\t\t\t<\/li>\n\t\t\t\t\t\t\t\t<li class=\"elementor-icon-list-item\">\n\t\t\t\t\t\t\t\t\t\t\t<a href=\"https:\/\/www.sfcultural.org\/en\/music-school\/departmental-handbell-network\/dei-republica-de-francia-handbells-school-san-francisco\/\">\n\n\t\t\t\t\t\t\t\t\t\t\t\t<span class=\"elementor-icon-list-icon\">\n\t\t\t\t\t\t\t<i aria-hidden=\"true\" class=\"fas fa-check\"><\/i>\t\t\t\t\t\t<\/span>\n\t\t\t\t\t\t\t\t\t\t<span class=\"elementor-icon-list-text\">DEI Rep\u00fablica de Francia Handbells School - San Francisco<\/span>\n\t\t\t\t\t\t\t\t\t\t\t<\/a>\n\t\t\t\t\t\t\t\t\t<\/li>\n\t\t\t\t\t\t\t\t<li class=\"elementor-icon-list-item\">\n\t\t\t\t\t\t\t\t\t\t\t<a href=\"https:\/\/www.sfcultural.org\/en\/music-school\/departmental-handbell-network\/san-francisco-de-asis-handbells-school-tabio\/\">\n\n\t\t\t\t\t\t\t\t\t\t\t\t<span class=\"elementor-icon-list-icon\">\n\t\t\t\t\t\t\t<i aria-hidden=\"true\" class=\"fas fa-check\"><\/i>\t\t\t\t\t\t<\/span>\n\t\t\t\t\t\t\t\t\t\t<span class=\"elementor-icon-list-text\">San Francisco de As\u00eds Handbells School - Tabio<\/span>\n\t\t\t\t\t\t\t\t\t\t\t<\/a>\n\t\t\t\t\t\t\t\t\t<\/li>\n\t\t\t\t\t\t\t\t<li class=\"elementor-icon-list-item\">\n\t\t\t\t\t\t\t\t\t\t\t<a href=\"https:\/\/www.sfcultural.org\/en\/music-school\/departmental-handbell-network\/san-jorge-high-school-handbells-school-tabio\/\">\n\n\t\t\t\t\t\t\t\t\t\t\t\t<span class=\"elementor-icon-list-icon\">\n\t\t\t\t\t\t\t<i aria-hidden=\"true\" class=\"fas fa-check\"><\/i>\t\t\t\t\t\t<\/span>\n\t\t\t\t\t\t\t\t\t\t<span class=\"elementor-icon-list-text\">San Jorge High School  Handbells School - Tabio<\/span>\n\t\t\t\t\t\t\t\t\t\t\t<\/a>\n\t\t\t\t\t\t\t\t\t<\/li>\n\t\t\t\t\t\t\t\t<li class=\"elementor-icon-list-item\">\n\t\t\t\t\t\t\t\t\t\t\t<a href=\"https:\/\/www.sfcultural.org\/en\/music-school\/departmental-handbell-network\/dei-carrasquilla-handbells-school-tenjo\/\">\n\n\t\t\t\t\t\t\t\t\t\t\t\t<span class=\"elementor-icon-list-icon\">\n\t\t\t\t\t\t\t<i aria-hidden=\"true\" class=\"fas fa-check\"><\/i>\t\t\t\t\t\t<\/span>\n\t\t\t\t\t\t\t\t\t\t<span class=\"elementor-icon-list-text\">DEI Carrasquilla\u00a0 Handbells School -\u00a0Tenjo<\/span>\n\t\t\t\t\t\t\t\t\t\t\t<\/a>\n\t\t\t\t\t\t\t\t\t<\/li>\n\t\t\t\t\t\t\t\t<li class=\"elementor-icon-list-item\">\n\t\t\t\t\t\t\t\t\t\t\t<a href=\"https:\/\/www.sfcultural.org\/en\/music-school\/departmental-handbell-network\/dei-zipacon-handbells-school\/\">\n\n\t\t\t\t\t\t\t\t\t\t\t\t<span class=\"elementor-icon-list-icon\">\n\t\t\t\t\t\t\t<i aria-hidden=\"true\" class=\"fas fa-check\"><\/i>\t\t\t\t\t\t<\/span>\n\t\t\t\t\t\t\t\t\t\t<span class=\"elementor-icon-list-text\">DEI Zipac\u00f3n Handbells School<\/span>\n\t\t\t\t\t\t\t\t\t\t\t<\/a>\n\t\t\t\t\t\t\t\t\t<\/li>\n\t\t\t\t\t\t\t\t<li class=\"elementor-icon-list-item\">\n\t\t\t\t\t\t\t\t\t\t\t<a href=\"https:\/\/www.sfcultural.org\/en\/music-school\/departmental-handbell-network\/guillermo-quevedo-handbells-school-zipaquira\/\">\n\n\t\t\t\t\t\t\t\t\t\t\t\t<span class=\"elementor-icon-list-icon\">\n\t\t\t\t\t\t\t<i aria-hidden=\"true\" class=\"fas fa-check\"><\/i>\t\t\t\t\t\t<\/span>\n\t\t\t\t\t\t\t\t\t\t<span class=\"elementor-icon-list-text\">Guillermo Quevedo Handbells School - Zipaquir\u00e1 <\/span>\n\t\t\t\t\t\t\t\t\t\t\t<\/a>\n\t\t\t\t\t\t\t\t\t<\/li>\n\t\t\t\t\t\t\t\t<li class=\"elementor-icon-list-item\">\n\t\t\t\t\t\t\t\t\t\t\t<a href=\"https:\/\/www.sfcultural.org\/en\/music-school\/departmental-handbell-network\/mei-integrated-high-school-of-zipaquira-handbells-school\/\">\n\n\t\t\t\t\t\t\t\t\t\t\t\t<span class=\"elementor-icon-list-icon\">\n\t\t\t\t\t\t\t<i aria-hidden=\"true\" class=\"fas fa-check\"><\/i>\t\t\t\t\t\t<\/span>\n\t\t\t\t\t\t\t\t\t\t<span class=\"elementor-icon-list-text\">MEI Integrated High School of Zipaquir\u00e1 Handbells School<\/span>\n\t\t\t\t\t\t\t\t\t\t\t<\/a>\n\t\t\t\t\t\t\t\t\t<\/li>\n\t\t\t\t\t\t<\/ul>\n\t\t\t\t\t\t<\/div>\n\t\t\t\t\t<\/div>\n\t\t<\/div>\n\t\t\t\t\t<\/div>\n\t\t<\/section>\n\t\t\t\t<\/div>\n\t\t","protected":false},"excerpt":{"rendered":"<p>Desarrollado en el Colegio San Francisco de As\u00eds de Tabio,  en la Instituci\u00f3n Educativa Rural Departamental Anatol\u00ed del Municipio de La Mesa, la Instituci\u00f3n Educativa Municipal Santiago P\u00e9rez de Zipaquir\u00e1 y en la Instituci\u00f3n Educativa Municipal Guillermo Quevedo Zornoza de Zipaquir\u00e1, en el departamento de Cundinamarca.<\/p>\n","protected":false},"author":1,"featured_media":0,"parent":14330,"menu_order":0,"comment_status":"closed","ping_status":"closed","template":"","meta":{"footnotes":""},"class_list":["post-15903","page","type-page","status-publish","hentry"],"_links":{"self":[{"href":"https:\/\/www.sfcultural.org\/en\/wp-json\/wp\/v2\/pages\/15903","targetHints":{"allow":["GET"]}}],"collection":[{"href":"https:\/\/www.sfcultural.org\/en\/wp-json\/wp\/v2\/pages"}],"about":[{"href":"https:\/\/www.sfcultural.org\/en\/wp-json\/wp\/v2\/types\/page"}],"author":[{"embeddable":true,"href":"https:\/\/www.sfcultural.org\/en\/wp-json\/wp\/v2\/users\/1"}],"replies":[{"embeddable":true,"href":"https:\/\/www.sfcultural.org\/en\/wp-json\/wp\/v2\/comments?post=15903"}],"version-history":[{"count":4,"href":"https:\/\/www.sfcultural.org\/en\/wp-json\/wp\/v2\/pages\/15903\/revisions"}],"predecessor-version":[{"id":19042,"href":"https:\/\/www.sfcultural.org\/en\/wp-json\/wp\/v2\/pages\/15903\/revisions\/19042"}],"up":[{"embeddable":true,"href":"https:\/\/www.sfcultural.org\/en\/wp-json\/wp\/v2\/pages\/14330"}],"wp:attachment":[{"href":"https:\/\/www.sfcultural.org\/en\/wp-json\/wp\/v2\/media?parent=15903"}],"curies":[{"name":"wp","href":"https:\/\/api.w.org\/{rel}","templated":true}]}}