{"id":16473,"date":"2022-11-13T09:08:14","date_gmt":"2022-11-13T14:08:14","guid":{"rendered":"http:\/\/www.sfcultural.org\/en\/?page_id=16473"},"modified":"2025-03-12T04:15:56","modified_gmt":"2025-03-12T09:15:56","slug":"dei-republica-de-francia-handbells-school-san-francisco","status":"publish","type":"page","link":"https:\/\/www.sfcultural.org\/en\/music-school\/departmental-handbell-network\/dei-republica-de-francia-handbells-school-san-francisco\/","title":{"rendered":"DEI Rep\u00fablica de Francia Handbells School &#8211; San Francisco"},"content":{"rendered":"\t\t<div data-elementor-type=\"wp-page\" data-elementor-id=\"16473\" class=\"elementor elementor-16473\">\n\t\t\t\t\t\t<section class=\"elementor-section elementor-top-section elementor-element elementor-element-6ce5ce47 elementor-section-full_width elementor-section-height-min-height elementor-section-items-stretch elementor-section-height-default\" data-id=\"6ce5ce47\" data-element_type=\"section\" id=\"perez\" data-settings=\"{&quot;background_background&quot;:&quot;classic&quot;}\">\n\t\t\t\t\t\t\t<div class=\"elementor-background-overlay\"><\/div>\n\t\t\t\t\t\t\t<div class=\"elementor-container elementor-column-gap-default\">\n\t\t\t\t\t<div class=\"elementor-column elementor-col-50 elementor-top-column elementor-element elementor-element-72430e89 elementor-hidden-tablet elementor-hidden-mobile\" data-id=\"72430e89\" data-element_type=\"column\">\n\t\t\t<div class=\"elementor-widget-wrap\">\n\t\t\t\t\t\t\t<\/div>\n\t\t<\/div>\n\t\t\t\t<div class=\"elementor-column elementor-col-50 elementor-top-column elementor-element elementor-element-27d07a84\" data-id=\"27d07a84\" data-element_type=\"column\" data-settings=\"{&quot;background_background&quot;:&quot;classic&quot;}\">\n\t\t\t<div class=\"elementor-widget-wrap elementor-element-populated\">\n\t\t\t\t\t\t<div class=\"elementor-element elementor-element-f1007e6 elementor-widget elementor-widget-spacer\" data-id=\"f1007e6\" data-element_type=\"widget\" data-widget_type=\"spacer.default\">\n\t\t\t\t\t\t\t<div class=\"elementor-spacer\">\n\t\t\t<div class=\"elementor-spacer-inner\"><\/div>\n\t\t<\/div>\n\t\t\t\t\t\t<\/div>\n\t\t\t\t<div class=\"elementor-element elementor-element-9318e40 elementor-post-navigation-borders-yes elementor-widget elementor-widget-post-navigation\" data-id=\"9318e40\" data-element_type=\"widget\" data-widget_type=\"post-navigation.default\">\n\t\t\t\t<div class=\"elementor-widget-container\">\n\t\t\t\t\t\t\t<div class=\"elementor-post-navigation\">\n\t\t\t<div class=\"elementor-post-navigation__prev elementor-post-navigation__link\">\n\t\t\t\t<a href=\"https:\/\/www.sfcultural.org\/en\/music-school\/departmental-handbell-network\/drei-anatoli-handbells-school-la-mesa\/\" rel=\"prev\"><span class=\"post-navigation__arrow-wrapper post-navigation__arrow-prev\"><i class=\"fa fa-angle-left\" aria-hidden=\"true\"><\/i><span class=\"elementor-screen-only\">Prev<\/span><\/span><span class=\"elementor-post-navigation__link__prev\"><span class=\"post-navigation__prev--label\">Previous<\/span><\/span><\/a>\t\t\t<\/div>\n\t\t\t\t\t\t\t<div class=\"elementor-post-navigation__separator-wrapper\">\n\t\t\t\t\t<div class=\"elementor-post-navigation__separator\"><\/div>\n\t\t\t\t<\/div>\n\t\t\t\t\t\t<div class=\"elementor-post-navigation__next elementor-post-navigation__link\">\n\t\t\t\t<a href=\"https:\/\/www.sfcultural.org\/en\/music-school\/departmental-handbell-network\/mei-integrated-high-school-of-zipaquira-handbells-school\/\" rel=\"next\"><span class=\"elementor-post-navigation__link__next\"><span class=\"post-navigation__next--label\">Next<\/span><\/span><span class=\"post-navigation__arrow-wrapper post-navigation__arrow-next\"><i class=\"fa fa-angle-right\" aria-hidden=\"true\"><\/i><span class=\"elementor-screen-only\">Next<\/span><\/span><\/a>\t\t\t<\/div>\n\t\t<\/div>\n\t\t\t\t\t\t<\/div>\n\t\t\t\t<\/div>\n\t\t\t\t<div class=\"elementor-element elementor-element-12cc078 elementor-widget elementor-widget-spacer\" data-id=\"12cc078\" data-element_type=\"widget\" data-widget_type=\"spacer.default\">\n\t\t\t\t\t\t\t<div class=\"elementor-spacer\">\n\t\t\t<div class=\"elementor-spacer-inner\"><\/div>\n\t\t<\/div>\n\t\t\t\t\t\t<\/div>\n\t\t\t\t<div class=\"elementor-element elementor-element-2b8ac16 elementor-widget elementor-widget-heading\" data-id=\"2b8ac16\" data-element_type=\"widget\" data-widget_type=\"heading.default\">\n\t\t\t\t\t<h1 class=\"elementor-heading-title elementor-size-default\">DEI Rep\u00fablica de Francia Handbells School<\/h1>\t\t\t\t<\/div>\n\t\t\t\t<div class=\"elementor-element elementor-element-da5301d elementor-widget elementor-widget-text-editor\" data-id=\"da5301d\" data-element_type=\"widget\" data-widget_type=\"text-editor.default\">\n\t\t\t\t\t\t\t\t\t<p>Developed at the Municipal Educational Institution Rep\u00fablica de Francia in San Francisco, Cundinamarca.<\/p>\t\t\t\t\t\t\t\t<\/div>\n\t\t\t\t<div class=\"elementor-element elementor-element-5e5b7eb7 elementor-widget elementor-widget-spacer\" data-id=\"5e5b7eb7\" data-element_type=\"widget\" data-widget_type=\"spacer.default\">\n\t\t\t\t\t\t\t<div class=\"elementor-spacer\">\n\t\t\t<div class=\"elementor-spacer-inner\"><\/div>\n\t\t<\/div>\n\t\t\t\t\t\t<\/div>\n\t\t\t\t\t<\/div>\n\t\t<\/div>\n\t\t\t\t\t<\/div>\n\t\t<\/section>\n\t\t\t\t<section class=\"elementor-section elementor-top-section elementor-element elementor-element-41afe717 elementor-section-full_width elementor-section-content-middle elementor-section-height-default elementor-section-height-default\" data-id=\"41afe717\" data-element_type=\"section\" data-settings=\"{&quot;background_background&quot;:&quot;classic&quot;}\">\n\t\t\t\t\t\t<div class=\"elementor-container elementor-column-gap-no\">\n\t\t\t\t\t<div class=\"elementor-column elementor-col-100 elementor-top-column elementor-element elementor-element-1bc1f75\" data-id=\"1bc1f75\" data-element_type=\"column\">\n\t\t\t<div class=\"elementor-widget-wrap elementor-element-populated\">\n\t\t\t\t\t\t<div class=\"elementor-element elementor-element-43dc009 elementor-widget elementor-widget-gallery\" data-id=\"43dc009\" data-element_type=\"widget\" data-settings=\"{&quot;gallery_layout&quot;:&quot;masonry&quot;,&quot;columns&quot;:2,&quot;gap&quot;:{&quot;unit&quot;:&quot;px&quot;,&quot;size&quot;:0,&quot;sizes&quot;:[]},&quot;lazyload&quot;:&quot;yes&quot;,&quot;columns_tablet&quot;:2,&quot;columns_mobile&quot;:1,&quot;gap_tablet&quot;:{&quot;unit&quot;:&quot;px&quot;,&quot;size&quot;:10,&quot;sizes&quot;:[]},&quot;gap_mobile&quot;:{&quot;unit&quot;:&quot;px&quot;,&quot;size&quot;:10,&quot;sizes&quot;:[]},&quot;link_to&quot;:&quot;file&quot;,&quot;overlay_background&quot;:&quot;yes&quot;,&quot;content_hover_animation&quot;:&quot;fade-in&quot;}\" data-widget_type=\"gallery.default\">\n\t\t\t\t<div class=\"elementor-widget-container\">\n\t\t\t\t\t\t\t<div class=\"elementor-gallery__container\">\n\t\t\t\t\t\t\t<a class=\"e-gallery-item elementor-gallery-item elementor-animated-content\" href=\"https:\/\/www.sfcultural.org\/en\/wp-content\/uploads\/2025\/01\/I.E.D.-Republica-de-Francia-02.webp\" data-elementor-open-lightbox=\"yes\" data-elementor-lightbox-slideshow=\"all-43dc009\" data-elementor-lightbox-title=\"I.E.D. Rep\u00fablica de Francia 02\" data-e-action-hash=\"#elementor-action%3Aaction%3Dlightbox%26settings%3DeyJpZCI6MTc5MzIsInVybCI6Imh0dHBzOlwvXC93d3cuc2ZjdWx0dXJhbC5vcmdcL2VuXC93cC1jb250ZW50XC91cGxvYWRzXC8yMDI1XC8wMVwvSS5FLkQuLVJlcHVibGljYS1kZS1GcmFuY2lhLTAyLndlYnAiLCJzbGlkZXNob3ciOiJhbGwtNDNkYzAwOSJ9\">\n\t\t\t\t\t<div class=\"e-gallery-image elementor-gallery-item__image\" data-thumbnail=\"https:\/\/www.sfcultural.org\/en\/wp-content\/uploads\/2025\/01\/I.E.D.-Republica-de-Francia-02.webp\" data-width=\"1920\" data-height=\"864\" alt=\"\" ><\/div>\n\t\t\t\t\t\t\t\t\t\t\t<div class=\"elementor-gallery-item__overlay\"><\/div>\n\t\t\t\t\t\t\t\t\t\t\t\t\t\t<\/a>\n\t\t\t\t\t\t\t<a class=\"e-gallery-item elementor-gallery-item elementor-animated-content\" href=\"https:\/\/www.sfcultural.org\/en\/wp-content\/uploads\/2025\/01\/I.E.D.-Republica-de-Francia-03.webp\" data-elementor-open-lightbox=\"yes\" data-elementor-lightbox-slideshow=\"all-43dc009\" data-elementor-lightbox-title=\"I.E.D. Rep\u00fablica de Francia 03\" data-e-action-hash=\"#elementor-action%3Aaction%3Dlightbox%26settings%3DeyJpZCI6MTc5MzMsInVybCI6Imh0dHBzOlwvXC93d3cuc2ZjdWx0dXJhbC5vcmdcL2VuXC93cC1jb250ZW50XC91cGxvYWRzXC8yMDI1XC8wMVwvSS5FLkQuLVJlcHVibGljYS1kZS1GcmFuY2lhLTAzLndlYnAiLCJzbGlkZXNob3ciOiJhbGwtNDNkYzAwOSJ9\">\n\t\t\t\t\t<div class=\"e-gallery-image elementor-gallery-item__image\" data-thumbnail=\"https:\/\/www.sfcultural.org\/en\/wp-content\/uploads\/2025\/01\/I.E.D.-Republica-de-Francia-03.webp\" data-width=\"1920\" data-height=\"864\" alt=\"\" ><\/div>\n\t\t\t\t\t\t\t\t\t\t\t<div class=\"elementor-gallery-item__overlay\"><\/div>\n\t\t\t\t\t\t\t\t\t\t\t\t\t\t<\/a>\n\t\t\t\t\t\t\t<a class=\"e-gallery-item elementor-gallery-item elementor-animated-content\" href=\"https:\/\/www.sfcultural.org\/en\/wp-content\/uploads\/2025\/01\/I.E.D.-Republica-de-Francia-04.webp\" data-elementor-open-lightbox=\"yes\" data-elementor-lightbox-slideshow=\"all-43dc009\" data-elementor-lightbox-title=\"I.E.D. Rep\u00fablica de Francia 04\" data-e-action-hash=\"#elementor-action%3Aaction%3Dlightbox%26settings%3DeyJpZCI6MTc5MzQsInVybCI6Imh0dHBzOlwvXC93d3cuc2ZjdWx0dXJhbC5vcmdcL2VuXC93cC1jb250ZW50XC91cGxvYWRzXC8yMDI1XC8wMVwvSS5FLkQuLVJlcHVibGljYS1kZS1GcmFuY2lhLTA0LndlYnAiLCJzbGlkZXNob3ciOiJhbGwtNDNkYzAwOSJ9\">\n\t\t\t\t\t<div class=\"e-gallery-image elementor-gallery-item__image\" data-thumbnail=\"https:\/\/www.sfcultural.org\/en\/wp-content\/uploads\/2025\/01\/I.E.D.-Republica-de-Francia-04.webp\" data-width=\"1920\" data-height=\"864\" alt=\"\" ><\/div>\n\t\t\t\t\t\t\t\t\t\t\t<div class=\"elementor-gallery-item__overlay\"><\/div>\n\t\t\t\t\t\t\t\t\t\t\t\t\t\t<\/a>\n\t\t\t\t\t\t\t<a class=\"e-gallery-item elementor-gallery-item elementor-animated-content\" href=\"https:\/\/www.sfcultural.org\/en\/wp-content\/uploads\/2025\/01\/I.E.D.-Republica-de-Francia-05.webp\" data-elementor-open-lightbox=\"yes\" data-elementor-lightbox-slideshow=\"all-43dc009\" data-elementor-lightbox-title=\"I.E.D. Rep\u00fablica de Francia 05\" data-e-action-hash=\"#elementor-action%3Aaction%3Dlightbox%26settings%3DeyJpZCI6MTc5MzUsInVybCI6Imh0dHBzOlwvXC93d3cuc2ZjdWx0dXJhbC5vcmdcL2VuXC93cC1jb250ZW50XC91cGxvYWRzXC8yMDI1XC8wMVwvSS5FLkQuLVJlcHVibGljYS1kZS1GcmFuY2lhLTA1LndlYnAiLCJzbGlkZXNob3ciOiJhbGwtNDNkYzAwOSJ9\">\n\t\t\t\t\t<div class=\"e-gallery-image elementor-gallery-item__image\" data-thumbnail=\"https:\/\/www.sfcultural.org\/en\/wp-content\/uploads\/2025\/01\/I.E.D.-Republica-de-Francia-05.webp\" data-width=\"1920\" data-height=\"864\" alt=\"\" ><\/div>\n\t\t\t\t\t\t\t\t\t\t\t<div class=\"elementor-gallery-item__overlay\"><\/div>\n\t\t\t\t\t\t\t\t\t\t\t\t\t\t<\/a>\n\t\t\t\t\t\t\t<a class=\"e-gallery-item elementor-gallery-item elementor-animated-content\" href=\"https:\/\/www.sfcultural.org\/en\/wp-content\/uploads\/2025\/01\/I.E.D.-Republica-de-Francia-06.webp\" data-elementor-open-lightbox=\"yes\" data-elementor-lightbox-slideshow=\"all-43dc009\" data-elementor-lightbox-title=\"I.E.D. Rep\u00fablica de Francia 06\" data-e-action-hash=\"#elementor-action%3Aaction%3Dlightbox%26settings%3DeyJpZCI6MTc5MzYsInVybCI6Imh0dHBzOlwvXC93d3cuc2ZjdWx0dXJhbC5vcmdcL2VuXC93cC1jb250ZW50XC91cGxvYWRzXC8yMDI1XC8wMVwvSS5FLkQuLVJlcHVibGljYS1kZS1GcmFuY2lhLTA2LndlYnAiLCJzbGlkZXNob3ciOiJhbGwtNDNkYzAwOSJ9\">\n\t\t\t\t\t<div class=\"e-gallery-image elementor-gallery-item__image\" data-thumbnail=\"https:\/\/www.sfcultural.org\/en\/wp-content\/uploads\/2025\/01\/I.E.D.-Republica-de-Francia-06.webp\" data-width=\"1920\" data-height=\"864\" alt=\"\" ><\/div>\n\t\t\t\t\t\t\t\t\t\t\t<div class=\"elementor-gallery-item__overlay\"><\/div>\n\t\t\t\t\t\t\t\t\t\t\t\t\t\t<\/a>\n\t\t\t\t\t\t\t<a class=\"e-gallery-item elementor-gallery-item elementor-animated-content\" href=\"https:\/\/www.sfcultural.org\/en\/wp-content\/uploads\/2025\/01\/I.E.D.-Republica-de-Francia-07.webp\" data-elementor-open-lightbox=\"yes\" data-elementor-lightbox-slideshow=\"all-43dc009\" data-elementor-lightbox-title=\"I.E.D. Rep\u00fablica de Francia 07\" data-e-action-hash=\"#elementor-action%3Aaction%3Dlightbox%26settings%3DeyJpZCI6MTc5MzcsInVybCI6Imh0dHBzOlwvXC93d3cuc2ZjdWx0dXJhbC5vcmdcL2VuXC93cC1jb250ZW50XC91cGxvYWRzXC8yMDI1XC8wMVwvSS5FLkQuLVJlcHVibGljYS1kZS1GcmFuY2lhLTA3LndlYnAiLCJzbGlkZXNob3ciOiJhbGwtNDNkYzAwOSJ9\">\n\t\t\t\t\t<div class=\"e-gallery-image elementor-gallery-item__image\" data-thumbnail=\"https:\/\/www.sfcultural.org\/en\/wp-content\/uploads\/2025\/01\/I.E.D.-Republica-de-Francia-07.webp\" data-width=\"1920\" data-height=\"864\" alt=\"\" ><\/div>\n\t\t\t\t\t\t\t\t\t\t\t<div class=\"elementor-gallery-item__overlay\"><\/div>\n\t\t\t\t\t\t\t\t\t\t\t\t\t\t<\/a>\n\t\t\t\t\t<\/div>\n\t\t\t\t\t<\/div>\n\t\t\t\t<\/div>\n\t\t\t\t\t<\/div>\n\t\t<\/div>\n\t\t\t\t\t<\/div>\n\t\t<\/section>\n\t\t\t\t<\/div>\n\t\t","protected":false},"excerpt":{"rendered":"<p>Desarrollado en la Instituci\u00f3n Educativa Municipal Santiago P\u00e9rez de Zipaquir\u00e1.<\/p>\n","protected":false},"author":1,"featured_media":0,"parent":15426,"menu_order":0,"comment_status":"closed","ping_status":"closed","template":"","meta":{"footnotes":""},"class_list":["post-16473","page","type-page","status-publish","hentry"],"_links":{"self":[{"href":"https:\/\/www.sfcultural.org\/en\/wp-json\/wp\/v2\/pages\/16473","targetHints":{"allow":["GET"]}}],"collection":[{"href":"https:\/\/www.sfcultural.org\/en\/wp-json\/wp\/v2\/pages"}],"about":[{"href":"https:\/\/www.sfcultural.org\/en\/wp-json\/wp\/v2\/types\/page"}],"author":[{"embeddable":true,"href":"https:\/\/www.sfcultural.org\/en\/wp-json\/wp\/v2\/users\/1"}],"replies":[{"embeddable":true,"href":"https:\/\/www.sfcultural.org\/en\/wp-json\/wp\/v2\/comments?post=16473"}],"version-history":[{"count":14,"href":"https:\/\/www.sfcultural.org\/en\/wp-json\/wp\/v2\/pages\/16473\/revisions"}],"predecessor-version":[{"id":18992,"href":"https:\/\/www.sfcultural.org\/en\/wp-json\/wp\/v2\/pages\/16473\/revisions\/18992"}],"up":[{"embeddable":true,"href":"https:\/\/www.sfcultural.org\/en\/wp-json\/wp\/v2\/pages\/15426"}],"wp:attachment":[{"href":"https:\/\/www.sfcultural.org\/en\/wp-json\/wp\/v2\/media?parent=16473"}],"curies":[{"name":"wp","href":"https:\/\/api.w.org\/{rel}","templated":true}]}}