{"id":17679,"date":"2024-12-23T10:57:15","date_gmt":"2024-12-23T15:57:15","guid":{"rendered":"http:\/\/www.sfcultural.org\/en\/?page_id=17679"},"modified":"2025-03-12T04:19:28","modified_gmt":"2025-03-12T09:19:28","slug":"dei-carrasquilla-handbells-school-tenjo","status":"publish","type":"page","link":"https:\/\/www.sfcultural.org\/en\/music-school\/departmental-handbell-network\/dei-carrasquilla-handbells-school-tenjo\/","title":{"rendered":"DEI Carrasquilla\u00a0 Handbells School &#8211;\u00a0Tenjo"},"content":{"rendered":"\t\t<div data-elementor-type=\"wp-page\" data-elementor-id=\"17679\" class=\"elementor elementor-17679\">\n\t\t\t\t\t\t<section class=\"elementor-section elementor-top-section elementor-element elementor-element-7e6c5585 elementor-section-full_width elementor-section-height-min-height elementor-section-items-stretch elementor-section-height-default\" data-id=\"7e6c5585\" data-element_type=\"section\" data-settings=\"{&quot;background_background&quot;:&quot;classic&quot;}\">\n\t\t\t\t\t\t\t<div class=\"elementor-background-overlay\"><\/div>\n\t\t\t\t\t\t\t<div class=\"elementor-container elementor-column-gap-default\">\n\t\t\t\t\t<div class=\"elementor-column elementor-col-50 elementor-top-column elementor-element elementor-element-49b195e9 elementor-hidden-tablet elementor-hidden-mobile\" data-id=\"49b195e9\" data-element_type=\"column\">\n\t\t\t<div class=\"elementor-widget-wrap\">\n\t\t\t\t\t\t\t<\/div>\n\t\t<\/div>\n\t\t\t\t<div class=\"elementor-column elementor-col-50 elementor-top-column elementor-element elementor-element-3aff6167\" data-id=\"3aff6167\" data-element_type=\"column\" data-settings=\"{&quot;background_background&quot;:&quot;classic&quot;}\">\n\t\t\t<div class=\"elementor-widget-wrap elementor-element-populated\">\n\t\t\t\t\t\t<div class=\"elementor-element elementor-element-7b55c1d8 elementor-widget elementor-widget-spacer\" data-id=\"7b55c1d8\" data-element_type=\"widget\" data-widget_type=\"spacer.default\">\n\t\t\t\t\t\t\t<div class=\"elementor-spacer\">\n\t\t\t<div class=\"elementor-spacer-inner\"><\/div>\n\t\t<\/div>\n\t\t\t\t\t\t<\/div>\n\t\t\t\t<div class=\"elementor-element elementor-element-ce5336a elementor-post-navigation-borders-yes elementor-widget elementor-widget-post-navigation\" data-id=\"ce5336a\" data-element_type=\"widget\" data-widget_type=\"post-navigation.default\">\n\t\t\t\t<div class=\"elementor-widget-container\">\n\t\t\t\t\t\t\t<div class=\"elementor-post-navigation\">\n\t\t\t<div class=\"elementor-post-navigation__prev elementor-post-navigation__link\">\n\t\t\t\t<a href=\"https:\/\/www.sfcultural.org\/en\/festivals\/xi-international-artistic-festival\/\" rel=\"prev\"><span class=\"post-navigation__arrow-wrapper post-navigation__arrow-prev\"><i class=\"fa fa-angle-left\" aria-hidden=\"true\"><\/i><span class=\"elementor-screen-only\">Prev<\/span><\/span><span class=\"elementor-post-navigation__link__prev\"><span class=\"post-navigation__prev--label\">Previous<\/span><\/span><\/a>\t\t\t<\/div>\n\t\t\t\t\t\t\t<div class=\"elementor-post-navigation__separator-wrapper\">\n\t\t\t\t\t<div class=\"elementor-post-navigation__separator\"><\/div>\n\t\t\t\t<\/div>\n\t\t\t\t\t\t<div class=\"elementor-post-navigation__next elementor-post-navigation__link\">\n\t\t\t\t<a href=\"https:\/\/www.sfcultural.org\/en\/music-school\/departmental-handbell-network\/dei-zipacon-handbells-school\/\" rel=\"next\"><span class=\"elementor-post-navigation__link__next\"><span class=\"post-navigation__next--label\">Next<\/span><\/span><span class=\"post-navigation__arrow-wrapper post-navigation__arrow-next\"><i class=\"fa fa-angle-right\" aria-hidden=\"true\"><\/i><span class=\"elementor-screen-only\">Next<\/span><\/span><\/a>\t\t\t<\/div>\n\t\t<\/div>\n\t\t\t\t\t\t<\/div>\n\t\t\t\t<\/div>\n\t\t\t\t<div class=\"elementor-element elementor-element-9e39772 elementor-widget elementor-widget-spacer\" data-id=\"9e39772\" data-element_type=\"widget\" data-widget_type=\"spacer.default\">\n\t\t\t\t\t\t\t<div class=\"elementor-spacer\">\n\t\t\t<div class=\"elementor-spacer-inner\"><\/div>\n\t\t<\/div>\n\t\t\t\t\t\t<\/div>\n\t\t\t\t<div class=\"elementor-element elementor-element-196f6cf8 elementor-widget elementor-widget-heading\" data-id=\"196f6cf8\" data-element_type=\"widget\" data-widget_type=\"heading.default\">\n\t\t\t\t\t<h1 class=\"elementor-heading-title elementor-size-default\">DEI Carrasquilla  Handbells School <\/h1>\t\t\t\t<\/div>\n\t\t\t\t<div class=\"elementor-element elementor-element-4dc18f9e elementor-widget elementor-widget-text-editor\" data-id=\"4dc18f9e\" data-element_type=\"widget\" data-widget_type=\"text-editor.default\">\n\t\t\t\t\t\t\t\t\t<p>Developed at the Municipal Educational Institute Carrasquilla in Tenjo, Cundinamarca.<\/p>\t\t\t\t\t\t\t\t<\/div>\n\t\t\t\t<div class=\"elementor-element elementor-element-73795df4 elementor-widget elementor-widget-spacer\" data-id=\"73795df4\" data-element_type=\"widget\" data-widget_type=\"spacer.default\">\n\t\t\t\t\t\t\t<div class=\"elementor-spacer\">\n\t\t\t<div class=\"elementor-spacer-inner\"><\/div>\n\t\t<\/div>\n\t\t\t\t\t\t<\/div>\n\t\t\t\t\t<\/div>\n\t\t<\/div>\n\t\t\t\t\t<\/div>\n\t\t<\/section>\n\t\t\t\t<section class=\"elementor-section elementor-top-section elementor-element elementor-element-36127ccc elementor-section-full_width elementor-section-height-default elementor-section-height-default\" data-id=\"36127ccc\" data-element_type=\"section\" data-settings=\"{&quot;background_background&quot;:&quot;classic&quot;}\">\n\t\t\t\t\t\t\t<div class=\"elementor-background-overlay\"><\/div>\n\t\t\t\t\t\t\t<div class=\"elementor-container elementor-column-gap-no\">\n\t\t\t\t\t<div class=\"elementor-column elementor-col-100 elementor-top-column elementor-element elementor-element-2b2a15dd\" data-id=\"2b2a15dd\" data-element_type=\"column\">\n\t\t\t<div class=\"elementor-widget-wrap elementor-element-populated\">\n\t\t\t\t\t\t<div class=\"elementor-element elementor-element-1d4f56c1 elementor-widget elementor-widget-image-carousel\" data-id=\"1d4f56c1\" data-element_type=\"widget\" data-settings=\"{&quot;slides_to_show&quot;:&quot;1&quot;,&quot;navigation&quot;:&quot;none&quot;,&quot;autoplay_speed&quot;:&quot;800&quot;,&quot;pause_on_hover&quot;:&quot;no&quot;,&quot;slides_to_show_tablet&quot;:&quot;1&quot;,&quot;speed&quot;:1000,&quot;effect&quot;:&quot;fade&quot;,&quot;autoplay&quot;:&quot;yes&quot;,&quot;pause_on_interaction&quot;:&quot;yes&quot;,&quot;infinite&quot;:&quot;yes&quot;}\" data-widget_type=\"image-carousel.default\">\n\t\t\t\t\t\t\t<div class=\"elementor-image-carousel-wrapper swiper\" role=\"region\" aria-roledescription=\"carousel\" aria-label=\"Carrusel de im\u00e1genes\" dir=\"ltr\">\n\t\t\t<div class=\"elementor-image-carousel swiper-wrapper\" aria-live=\"off\">\n\t\t\t\t\t\t\t\t<div class=\"swiper-slide\" role=\"group\" aria-roledescription=\"slide\" aria-label=\"1 of 8\"><figure class=\"swiper-slide-inner\"><img decoding=\"async\" class=\"swiper-slide-image\" src=\"https:\/\/www.sfcultural.org\/en\/wp-content\/uploads\/2025\/01\/IED-Carrasquilla-de-Tenjo-02.webp\" alt=\"IED Carrasquilla de Tenjo 02\" \/><\/figure><\/div><div class=\"swiper-slide\" role=\"group\" aria-roledescription=\"slide\" aria-label=\"2 of 8\"><figure class=\"swiper-slide-inner\"><img decoding=\"async\" class=\"swiper-slide-image\" src=\"https:\/\/www.sfcultural.org\/en\/wp-content\/uploads\/2025\/01\/IED-Carrasquilla-de-Tenjo-03.webp\" alt=\"IED Carrasquilla de Tenjo 03\" \/><\/figure><\/div><div class=\"swiper-slide\" role=\"group\" aria-roledescription=\"slide\" aria-label=\"3 of 8\"><figure class=\"swiper-slide-inner\"><img decoding=\"async\" class=\"swiper-slide-image\" src=\"https:\/\/www.sfcultural.org\/en\/wp-content\/uploads\/2025\/01\/IED-Carrasquilla-de-Tenjo-04.webp\" alt=\"IED Carrasquilla de Tenjo 04\" \/><\/figure><\/div><div class=\"swiper-slide\" role=\"group\" aria-roledescription=\"slide\" aria-label=\"4 of 8\"><figure class=\"swiper-slide-inner\"><img decoding=\"async\" class=\"swiper-slide-image\" src=\"https:\/\/www.sfcultural.org\/en\/wp-content\/uploads\/2025\/01\/IED-Carrasquilla-de-Tenjo-05.webp\" alt=\"IED Carrasquilla de Tenjo 05\" \/><\/figure><\/div><div class=\"swiper-slide\" role=\"group\" aria-roledescription=\"slide\" aria-label=\"5 of 8\"><figure class=\"swiper-slide-inner\"><img decoding=\"async\" class=\"swiper-slide-image\" src=\"https:\/\/www.sfcultural.org\/en\/wp-content\/uploads\/2025\/01\/IED-Carrasquilla-de-Tenjo-06.webp\" alt=\"IED Carrasquilla de Tenjo 06\" \/><\/figure><\/div><div class=\"swiper-slide\" role=\"group\" aria-roledescription=\"slide\" aria-label=\"6 of 8\"><figure class=\"swiper-slide-inner\"><img decoding=\"async\" class=\"swiper-slide-image\" src=\"https:\/\/www.sfcultural.org\/en\/wp-content\/uploads\/2025\/01\/IED-Carrasquilla-de-Tenjo-07.webp\" alt=\"IED Carrasquilla de Tenjo 07\" \/><\/figure><\/div><div class=\"swiper-slide\" role=\"group\" aria-roledescription=\"slide\" aria-label=\"7 of 8\"><figure class=\"swiper-slide-inner\"><img decoding=\"async\" class=\"swiper-slide-image\" src=\"https:\/\/www.sfcultural.org\/en\/wp-content\/uploads\/2025\/01\/IED-Carrasquilla-de-Tenjo-08.webp\" alt=\"IED Carrasquilla de Tenjo 08\" \/><\/figure><\/div><div class=\"swiper-slide\" role=\"group\" aria-roledescription=\"slide\" aria-label=\"8 of 8\"><figure class=\"swiper-slide-inner\"><img decoding=\"async\" class=\"swiper-slide-image\" src=\"https:\/\/www.sfcultural.org\/en\/wp-content\/uploads\/2025\/01\/IED-Carrasquilla-de-Tenjo-09.webp\" alt=\"IED Carrasquilla de Tenjo 09\" \/><\/figure><\/div>\t\t\t<\/div>\n\t\t\t\t\t\t\t\n\t\t\t\t\t\t\t\t\t<\/div>\n\t\t\t\t\t\t<\/div>\n\t\t\t\t\t<\/div>\n\t\t<\/div>\n\t\t\t\t\t<\/div>\n\t\t<\/section>\n\t\t\t\t<\/div>\n\t\t","protected":false},"excerpt":{"rendered":"<p>Desarrollado en el Colegio San Francisco de As\u00eds de Tabio, Escuela de M\u00fasica San Francisco, l\u00edder del proyecto.<\/p>\n","protected":false},"author":1,"featured_media":0,"parent":15426,"menu_order":0,"comment_status":"closed","ping_status":"closed","template":"","meta":{"footnotes":""},"class_list":["post-17679","page","type-page","status-publish","hentry"],"_links":{"self":[{"href":"https:\/\/www.sfcultural.org\/en\/wp-json\/wp\/v2\/pages\/17679","targetHints":{"allow":["GET"]}}],"collection":[{"href":"https:\/\/www.sfcultural.org\/en\/wp-json\/wp\/v2\/pages"}],"about":[{"href":"https:\/\/www.sfcultural.org\/en\/wp-json\/wp\/v2\/types\/page"}],"author":[{"embeddable":true,"href":"https:\/\/www.sfcultural.org\/en\/wp-json\/wp\/v2\/users\/1"}],"replies":[{"embeddable":true,"href":"https:\/\/www.sfcultural.org\/en\/wp-json\/wp\/v2\/comments?post=17679"}],"version-history":[{"count":8,"href":"https:\/\/www.sfcultural.org\/en\/wp-json\/wp\/v2\/pages\/17679\/revisions"}],"predecessor-version":[{"id":18998,"href":"https:\/\/www.sfcultural.org\/en\/wp-json\/wp\/v2\/pages\/17679\/revisions\/18998"}],"up":[{"embeddable":true,"href":"https:\/\/www.sfcultural.org\/en\/wp-json\/wp\/v2\/pages\/15426"}],"wp:attachment":[{"href":"https:\/\/www.sfcultural.org\/en\/wp-json\/wp\/v2\/media?parent=17679"}],"curies":[{"name":"wp","href":"https:\/\/api.w.org\/{rel}","templated":true}]}}